{"id":49854,"date":"2023-06-07T09:27:03","date_gmt":"2023-06-07T09:27:03","guid":{"rendered":"https:\/\/doctorboffa.com\/?page_id=49854"},"modified":"2023-11-10T09:47:29","modified_gmt":"2023-11-10T09:47:29","slug":"galeria","status":"publish","type":"page","link":"https:\/\/doctorboffa.com\/index.php\/galeria\/","title":{"rendered":"Galer\u00eda"},"content":{"rendered":"<p>[et_pb_section fb_built=\u00bb1&#8243; _builder_version=\u00bb4.16&#8243; custom_padding=\u00bb0|0px|0|0px|true|false\u00bb global_colors_info=\u00bb{}\u00bb][et_pb_row column_structure=\u00bb1_4,1_4,1_4,1_4&#8243; use_custom_gutter=\u00bbon\u00bb gutter_width=\u00bb1&#8243; make_equal=\u00bbon\u00bb padding_top_bottom_link_1=\u00bbtrue\u00bb module_class=\u00bb et_pb_row_fullwidth\u00bb _builder_version=\u00bb4.16&#8243; width=\u00bb100%\u00bb width_tablet=\u00bb100%\u00bb width_phone=\u00bb\u00bb width_last_edited=\u00bbon|desktop\u00bb max_width=\u00bb100%\u00bb max_width_tablet=\u00bb100%\u00bb max_width_phone=\u00bb\u00bb max_width_last_edited=\u00bbon|desktop\u00bb custom_padding=\u00bb0|0px|0|0px|true|false\u00bb make_fullwidth=\u00bbon\u00bb global_colors_info=\u00bb{}\u00bb][et_pb_column type=\u00bb1_4&#8243; _builder_version=\u00bb4.16&#8243; custom_padding=\u00bb10%||||false|false\u00bb custom_padding_tablet=\u00bb18%||||false|false\u00bb custom_padding_phone=\u00bb25%||25%||true|false\u00bb custom_padding_last_edited=\u00bbon|tablet\u00bb global_colors_info=\u00bb{}\u00bb custom_padding__hover=\u00bb|||\u00bb][\/et_pb_column][et_pb_column type=\u00bb1_4&#8243; _builder_version=\u00bb4.16&#8243; custom_padding=\u00bb|||\u00bb global_colors_info=\u00bb{}\u00bb custom_padding__hover=\u00bb|||\u00bb][et_pb_image src=\u00bbhttp:\/\/doctorboffa.com\/wp-content\/uploads\/2022\/09\/003611-scaled.jpg\u00bb title_text=\u00bb003611&#8243; show_in_lightbox=\u00bbon\u00bb use_overlay=\u00bbon\u00bb overlay_icon_color=\u00bbrgba(0,0,0,0)\u00bb hover_overlay_color=\u00bbrgba(0,0,0,0.16)\u00bb align_tablet=\u00bbcenter\u00bb align_phone=\u00bb\u00bb align_last_edited=\u00bbon|desktop\u00bb _builder_version=\u00bb4.21.0&#8243; global_colors_info=\u00bb{}\u00bb][\/et_pb_image][\/et_pb_column][et_pb_column type=\u00bb1_4&#8243; _builder_version=\u00bb4.16&#8243; custom_padding=\u00bb|||\u00bb global_colors_info=\u00bb{}\u00bb custom_padding__hover=\u00bb|||\u00bb][et_pb_image src=\u00bbhttp:\/\/doctorboffa.com\/wp-content\/uploads\/2022\/09\/003411-scaled.jpg\u00bb title_text=\u00bb003411&#8243; show_in_lightbox=\u00bbon\u00bb use_overlay=\u00bbon\u00bb overlay_icon_color=\u00bbrgba(0,0,0,0)\u00bb hover_overlay_color=\u00bbrgba(0,0,0,0.16)\u00bb align_tablet=\u00bbcenter\u00bb align_phone=\u00bb\u00bb align_last_edited=\u00bbon|desktop\u00bb _builder_version=\u00bb4.21.0&#8243; global_colors_info=\u00bb{}\u00bb][\/et_pb_image][\/et_pb_column][et_pb_column type=\u00bb1_4&#8243; _builder_version=\u00bb4.16&#8243; custom_padding=\u00bb|||\u00bb global_colors_info=\u00bb{}\u00bb custom_padding__hover=\u00bb|||\u00bb][et_pb_image src=\u00bbhttp:\/\/doctorboffa.com\/wp-content\/uploads\/2022\/09\/000611-scaled.jpg\u00bb title_text=\u00bb000611&#8243; show_in_lightbox=\u00bbon\u00bb use_overlay=\u00bbon\u00bb overlay_icon_color=\u00bbrgba(0,0,0,0)\u00bb hover_overlay_color=\u00bbrgba(0,0,0,0.16)\u00bb align_tablet=\u00bbcenter\u00bb align_phone=\u00bb\u00bb align_last_edited=\u00bbon|desktop\u00bb _builder_version=\u00bb4.21.0&#8243; global_colors_info=\u00bb{}\u00bb][\/et_pb_image][\/et_pb_column][\/et_pb_row][et_pb_row column_structure=\u00bb1_4,1_4,1_4,1_4&#8243; use_custom_gutter=\u00bbon\u00bb gutter_width=\u00bb1&#8243; make_equal=\u00bbon\u00bb module_class=\u00bb et_pb_row_fullwidth\u00bb _builder_version=\u00bb4.16&#8243; width=\u00bb100%\u00bb width_tablet=\u00bb100%\u00bb width_phone=\u00bb\u00bb width_last_edited=\u00bbon|desktop\u00bb max_width=\u00bb100%\u00bb max_width_tablet=\u00bb100%\u00bb max_width_phone=\u00bb\u00bb max_width_last_edited=\u00bbon|desktop\u00bb custom_padding=\u00bb0|0px|0|0px|true|false\u00bb make_fullwidth=\u00bbon\u00bb global_colors_info=\u00bb{}\u00bb][et_pb_column type=\u00bb1_4&#8243; _builder_version=\u00bb4.16&#8243; custom_padding=\u00bb|||\u00bb global_colors_info=\u00bb{}\u00bb custom_padding__hover=\u00bb|||\u00bb][et_pb_image src=\u00bbhttp:\/\/doctorboffa.com\/wp-content\/uploads\/2022\/09\/002811-scaled.jpg\u00bb title_text=\u00bb002811&#8243; show_in_lightbox=\u00bbon\u00bb use_overlay=\u00bbon\u00bb overlay_icon_color=\u00bbrgba(0,0,0,0)\u00bb hover_overlay_color=\u00bbrgba(0,0,0,0.16)\u00bb align_tablet=\u00bbcenter\u00bb align_phone=\u00bb\u00bb align_last_edited=\u00bbon|desktop\u00bb _builder_version=\u00bb4.21.0&#8243; global_colors_info=\u00bb{}\u00bb][\/et_pb_image][\/et_pb_column][et_pb_column type=\u00bb1_4&#8243; _builder_version=\u00bb4.16&#8243; custom_padding=\u00bb|||\u00bb global_colors_info=\u00bb{}\u00bb custom_padding__hover=\u00bb|||\u00bb][et_pb_image src=\u00bbhttp:\/\/doctorboffa.com\/wp-content\/uploads\/2022\/09\/002611-scaled.jpg\u00bb title_text=\u00bb002611&#8243; show_in_lightbox=\u00bbon\u00bb use_overlay=\u00bbon\u00bb overlay_icon_color=\u00bbrgba(0,0,0,0)\u00bb hover_overlay_color=\u00bbrgba(0,0,0,0.16)\u00bb align_tablet=\u00bbcenter\u00bb align_phone=\u00bb\u00bb align_last_edited=\u00bbon|desktop\u00bb _builder_version=\u00bb4.21.0&#8243; global_colors_info=\u00bb{}\u00bb][\/et_pb_image][\/et_pb_column][et_pb_column type=\u00bb1_4&#8243; _builder_version=\u00bb4.16&#8243; custom_padding=\u00bb|||\u00bb global_colors_info=\u00bb{}\u00bb custom_padding__hover=\u00bb|||\u00bb][et_pb_image src=\u00bbhttp:\/\/doctorboffa.com\/wp-content\/uploads\/2022\/09\/001011-scaled.jpg\u00bb title_text=\u00bb001011&#8243; show_in_lightbox=\u00bbon\u00bb use_overlay=\u00bbon\u00bb overlay_icon_color=\u00bbrgba(0,0,0,0)\u00bb hover_overlay_color=\u00bbrgba(0,0,0,0.16)\u00bb align_tablet=\u00bbcenter\u00bb align_phone=\u00bb\u00bb align_last_edited=\u00bbon|desktop\u00bb _builder_version=\u00bb4.21.0&#8243; global_colors_info=\u00bb{}\u00bb][\/et_pb_image][\/et_pb_column][et_pb_column type=\u00bb1_4&#8243; _builder_version=\u00bb4.16&#8243; custom_padding=\u00bb|||\u00bb global_colors_info=\u00bb{}\u00bb custom_padding__hover=\u00bb|||\u00bb][et_pb_image src=\u00bbhttp:\/\/doctorboffa.com\/wp-content\/uploads\/2022\/09\/002311-scaled.jpg\u00bb title_text=\u00bb002311&#8243; show_in_lightbox=\u00bbon\u00bb use_overlay=\u00bbon\u00bb overlay_icon_color=\u00bbrgba(0,0,0,0)\u00bb hover_overlay_color=\u00bbrgba(0,0,0,0.16)\u00bb align_tablet=\u00bbcenter\u00bb align_phone=\u00bb\u00bb align_last_edited=\u00bbon|desktop\u00bb _builder_version=\u00bb4.21.0&#8243; global_colors_info=\u00bb{}\u00bb][\/et_pb_image][\/et_pb_column][\/et_pb_row][et_pb_row column_structure=\u00bb1_4,1_4,1_4,1_4&#8243; use_custom_gutter=\u00bbon\u00bb gutter_width=\u00bb1&#8243; make_equal=\u00bbon\u00bb module_class=\u00bb et_pb_row_fullwidth\u00bb _builder_version=\u00bb4.16&#8243; width=\u00bb100%\u00bb width_tablet=\u00bb100%\u00bb width_phone=\u00bb\u00bb width_last_edited=\u00bbon|desktop\u00bb max_width=\u00bb100%\u00bb max_width_tablet=\u00bb100%\u00bb max_width_phone=\u00bb\u00bb max_width_last_edited=\u00bbon|desktop\u00bb custom_padding=\u00bb0|0px|0|0px|true|false\u00bb make_fullwidth=\u00bbon\u00bb global_colors_info=\u00bb{}\u00bb][et_pb_column type=\u00bb1_4&#8243; _builder_version=\u00bb4.16&#8243; custom_padding=\u00bb|||\u00bb global_colors_info=\u00bb{}\u00bb custom_padding__hover=\u00bb|||\u00bb][et_pb_image src=\u00bbhttp:\/\/doctorboffa.com\/wp-content\/uploads\/2022\/09\/001711-scaled.jpg\u00bb title_text=\u00bb001711&#8243; show_in_lightbox=\u00bbon\u00bb use_overlay=\u00bbon\u00bb overlay_icon_color=\u00bbrgba(0,0,0,0)\u00bb hover_overlay_color=\u00bbrgba(0,0,0,0.16)\u00bb align_tablet=\u00bbcenter\u00bb align_phone=\u00bb\u00bb align_last_edited=\u00bbon|desktop\u00bb _builder_version=\u00bb4.21.0&#8243; global_colors_info=\u00bb{}\u00bb][\/et_pb_image][\/et_pb_column][et_pb_column type=\u00bb1_4&#8243; _builder_version=\u00bb4.16&#8243; custom_padding=\u00bb|||\u00bb global_colors_info=\u00bb{}\u00bb custom_padding__hover=\u00bb|||\u00bb][et_pb_image src=\u00bbhttp:\/\/doctorboffa.com\/wp-content\/uploads\/2022\/09\/000211-scaled.jpg\u00bb title_text=\u00bb000211&#8243; show_in_lightbox=\u00bbon\u00bb use_overlay=\u00bbon\u00bb overlay_icon_color=\u00bbrgba(0,0,0,0)\u00bb hover_overlay_color=\u00bbrgba(0,0,0,0.16)\u00bb align_tablet=\u00bbcenter\u00bb align_phone=\u00bb\u00bb align_last_edited=\u00bbon|desktop\u00bb _builder_version=\u00bb4.21.0&#8243; global_colors_info=\u00bb{}\u00bb][\/et_pb_image][\/et_pb_column][et_pb_column type=\u00bb1_4&#8243; _builder_version=\u00bb4.16&#8243; custom_padding=\u00bb|||\u00bb global_colors_info=\u00bb{}\u00bb custom_padding__hover=\u00bb|||\u00bb][et_pb_image src=\u00bbhttp:\/\/doctorboffa.com\/wp-content\/uploads\/2022\/09\/000111-scaled.jpg\u00bb title_text=\u00bb000111&#8243; show_in_lightbox=\u00bbon\u00bb use_overlay=\u00bbon\u00bb overlay_icon_color=\u00bbrgba(0,0,0,0)\u00bb hover_overlay_color=\u00bbrgba(0,0,0,0.16)\u00bb align_tablet=\u00bbcenter\u00bb align_phone=\u00bb\u00bb align_last_edited=\u00bbon|desktop\u00bb _builder_version=\u00bb4.21.0&#8243; global_colors_info=\u00bb{}\u00bb][\/et_pb_image][\/et_pb_column][et_pb_column type=\u00bb1_4&#8243; _builder_version=\u00bb4.16&#8243; custom_padding=\u00bb|||\u00bb global_colors_info=\u00bb{}\u00bb custom_padding__hover=\u00bb|||\u00bb][et_pb_image src=\u00bbhttp:\/\/doctorboffa.com\/wp-content\/uploads\/2022\/09\/000411-scaled.jpg\u00bb title_text=\u00bb000411&#8243; show_in_lightbox=\u00bbon\u00bb use_overlay=\u00bbon\u00bb overlay_icon_color=\u00bbrgba(0,0,0,0)\u00bb hover_overlay_color=\u00bbrgba(0,0,0,0.16)\u00bb align_tablet=\u00bbcenter\u00bb align_phone=\u00bb\u00bb align_last_edited=\u00bbon|desktop\u00bb _builder_version=\u00bb4.21.0&#8243; global_colors_info=\u00bb{}\u00bb][\/et_pb_image][\/et_pb_column][\/et_pb_row][\/et_pb_section]<\/p>\n","protected":false},"excerpt":{"rendered":"","protected":false},"author":6,"featured_media":0,"parent":0,"menu_order":0,"comment_status":"closed","ping_status":"closed","template":"","meta":{"_et_pb_use_builder":"on","_et_pb_old_content":"<p>[et_pb_section fb_built=\"1\" _builder_version=\"4.19.5\" custom_padding=\"41px||146px||false|\" global_colors_info=\"{}\"][et_pb_row column_structure=\"1_2,1_2\" use_custom_gutter=\"on\" gutter_width=\"2\" make_equal=\"on\" _builder_version=\"4.19.5\" width_tablet=\"90%\" width_phone=\"90%\" width_last_edited=\"off|phone\" max_width_tablet=\"90%\" max_width_phone=\"90%\" max_width_last_edited=\"off|tablet\" custom_margin=\"|||\" custom_padding=\"||23px|||\" animation_direction=\"bottom\" global_colors_info=\"{}\"][et_pb_column type=\"1_2\" _builder_version=\"4.16\" custom_padding=\"|||\" global_colors_info=\"{}\" custom_padding__hover=\"|||\"][et_pb_text _builder_version=\"4.16\" text_font=\"Nunito||||||||\" text_font_size=\"15px\" header_font=\"Poppins|600||on|||||\" header_text_align=\"left\" header_text_color=\"#000000\" header_font_size=\"14px\" header_letter_spacing=\"2px\" header_line_height=\"1.3em\" custom_margin=\"||\" custom_padding=\"12px|||||\" header_font_size_phone=\"25px\" header_font_size_last_edited=\"off|phone\" global_colors_info=\"{}\"]<\/p><h1>DR BOFFA MEDICAL SPORT CENTER<\/h1><p>[\/et_pb_text][et_pb_text _builder_version=\"4.17.4\" header_font=\"Inter|700|||||||\" header_text_color=\"#000000\" header_line_height=\"1.5em\" max_width=\"81%\" max_width_tablet=\"100%\" max_width_phone=\"100%\" max_width_last_edited=\"on|desktop\" custom_margin=\"-20px|||\" custom_padding=\"|||\" header_font_size_tablet=\"\" header_font_size_phone=\"22px\" header_font_size_last_edited=\"on|phone\" global_colors_info=\"{}\"]<\/p><h1>\u2192 Readaptaci\u00f3n deportiva<\/h1><p>[\/et_pb_text][et_pb_text _builder_version=\"4.17.4\" text_font=\"Inter|300|||||||\" text_text_color=\"#000000\" text_font_size=\"16px\" text_line_height=\"1.8em\" header_font=\"Muli||||||||\" header_text_color=\"#444444\" header_font_size=\"16px\" header_line_height=\"1.8em\" max_width=\"76%\" max_width_tablet=\"100%\" max_width_phone=\"100%\" max_width_last_edited=\"on|desktop\" hover_enabled=\"0\" global_colors_info=\"{}\" sticky_enabled=\"0\"]<\/p><p class=\"MsoNormal\" style=\"text-align: justify;\"><span lang=\"es-419\" style=\"font-size: 12.0pt; line-height: 107%;\">Es un conjunto de estrategias de intervenci\u00f3n por parte de los distintos profesionales de la salud que supone una disminuci\u00f3n de la duraci\u00f3n de la lesi\u00f3n y una incorporaci\u00f3n segura al entrenamiento, competici\u00f3n y al d\u00eda a d\u00eda del deportista (readaptaci\u00f3n f\u00edsico-deportiva) que cuenta con una valoraci\u00f3n completa de los factores de riesgo y habilidades a potenciar as\u00ed como ejercicio bien pautados, adaptados a las necesidades individuales y al tipo de carga requerida, esto \u00faltimo siendo una condici\u00f3n clave para conseguirlo. Al final de este proceso se debe estar en condiciones de rendir a niveles similares a los que se encontraba el deportista en el momento previo a la lesi\u00f3n, o incluso superiores, permitiendo evitar le recurrencia lesional. Este proceso es conocido como Return to Play.<\/span><\/p><p class=\"MsoNormal\" style=\"text-align: justify;\"><span lang=\"es-419\" style=\"font-size: 12.0pt; line-height: 107%;\">Al analizar el mecanismo que produjo la lesi\u00f3n se puede trabajar sobre una recuperaci\u00f3n tanto efectiva como eficiente que devuelva en el menor tiempo posible la funcionalidad a las estructuras da\u00f1adas y ampliar las capacidades desarrolladas hasta el momento.<\/span><\/p><p>[\/et_pb_text][et_pb_button button_url=\"https:\/\/doctorboffa.com\/#contacto\" button_text=\"CONTACTA\" button_alignment=\"left\" _builder_version=\"4.17.4\" custom_button=\"on\" button_text_size=\"14px\" button_text_color=\"#ffffff\" button_bg_color=\"#0C71C3\" button_border_width=\"0px\" button_border_color=\"#383838\" button_border_radius=\"54px\" button_letter_spacing=\"1px\" button_font=\"Inter|700||on|||||\" button_icon=\"5||divi||400\" button_icon_color=\"#FFFFFF\" custom_margin=\"34px||\" custom_padding=\"17px|30px|17px|30px|true|true\" global_colors_info=\"{}\" button_bg_color__hover_enabled=\"on\" button_bg_color__hover=\"#cc9966\" button_letter_spacing__hover_enabled=\"on|hover\" button_letter_spacing__hover=\"2px\" button_border_color__hover_enabled=\"on\" button_border_color__hover=\"#FFFFFF\" button_text_color__hover_enabled=\"on\" button_text_color__hover=\"#FFFFFF\" button_bg_enable_color__hover=\"on\"][\/et_pb_button][\/et_pb_column][et_pb_column type=\"1_2\" _builder_version=\"4.16\" background_image=\"http:\/\/doctorboffa.com\/wp-content\/uploads\/2023\/02\/dots.png\" custom_padding=\"72px|||\" global_colors_info=\"{}\" custom_padding__hover=\"|||\"][et_pb_image src=\"http:\/\/doctorboffa.com\/wp-content\/uploads\/2023\/02\/pexels-maksim-goncharenok-4348638-683x1024.jpg\" title_text=\"pexels-maksim-goncharenok-4348638\" align_tablet=\"center\" align_phone=\"\" align_last_edited=\"on|desktop\" _builder_version=\"4.17.4\" max_width=\"480px\" custom_margin=\"-12px|||0px\" hover_enabled=\"0\" global_colors_info=\"{}\" sticky_enabled=\"0\"][\/et_pb_image][\/et_pb_column][\/et_pb_row][et_pb_row _builder_version=\"4.16\" _module_preset=\"default\" custom_padding=\"40px|||||\" locked=\"off\" global_colors_info=\"{}\"][et_pb_column type=\"4_4\" _builder_version=\"4.16\" _module_preset=\"default\" global_colors_info=\"{}\"][et_pb_divider color=\"#3366cc\" divider_weight=\"2px\" _builder_version=\"4.17.4\" _module_preset=\"default\" width=\"25%\" custom_margin=\"||-2px|||\" custom_padding=\"|0px|0px|||\" locked=\"off\" global_colors_info=\"{}\"][\/et_pb_divider][et_pb_text _builder_version=\"4.17.4\" _module_preset=\"default\" header_font=\"Inter|700|||||||\" header_font_size=\"26px\" header_2_font=\"Inter|500|||||||\" header_2_line_height=\"1.3em\" custom_margin=\"||-18px||false|false\" custom_padding=\"0px||0px|||\" hover_enabled=\"0\" header_2_font_size_tablet=\"34px\" header_2_font_size_phone=\"22px\" header_2_font_size_last_edited=\"on|phone\" global_colors_info=\"{}\" sticky_enabled=\"0\"]<\/p><h2><strong>PREVENCI\u00d3N Y READAPTACI\u00d3N AL ENTRENAMIENTO<\/strong><\/h2><p>[\/et_pb_text][\/et_pb_column][\/et_pb_row][et_pb_row _builder_version=\"4.17.4\" _module_preset=\"default\" global_colors_info=\"{}\"][et_pb_column type=\"4_4\" _builder_version=\"4.17.4\" _module_preset=\"default\" global_colors_info=\"{}\"][et_pb_text _builder_version=\"4.17.4\" _module_preset=\"default\" text_font=\"Inter|300|||||||\" text_font_size=\"17px\" global_colors_info=\"{}\"]<\/p><p class=\"Standard\" style=\"text-align: justify;\">A pesar de que en los \u00faltimos a\u00f1os los esfuerzos se han centrado en el tratamiento del trauma en s\u00ed mismo, los objetivos han ido derivando hacia la b\u00fasqueda de estrategias de intervenci\u00f3n que, o <strong>bien reduzcan el n\u00famero de lesiones (prevenci\u00f3n)<\/strong> o bien supongan una disminuci\u00f3n del tiempo de baja y\/o una<strong> reincorporaci\u00f3n segura al entrenamiento<\/strong> y la competici\u00f3n<strong> (readaptaci\u00f3n).<\/strong><\/p><p class=\"Standard\" style=\"text-align: justify;\">Durante este proceso de ense\u00f1anza\/aprendizaje se revisten los patrones motores generales y espec\u00edficos de un deportista y en \u201cDr.Boffa Medical Sport Center\u201d contamos con un equipo transdiciplinario capacitado para responder y acompa\u00f1ar a todas estas demandas en comunicaci\u00f3n directa con los actores implicados y profesionales del sector deportivo.<\/p><p class=\"Standard\" style=\"text-align: justify;\">En Dr. Boffa Medical Sports Center hemos establecido un modelo combinado de abordaje terap\u00e9utico para el tratamiento de las tendinopat\u00edas mediante la realizaci\u00f3n de infiltraciones de PRP, electrolisis percut\u00e1nea y gesti\u00f3n de la carga que resulta muy efectivo.<\/p><p class=\"Standard\">Si quieres m\u00e1s info contacta con nosotros.<\/p><p>[\/et_pb_text][et_pb_button button_url=\"https:\/\/doctorboffa.com\/#contacto\" button_text=\"CONTACTA\" button_alignment=\"left\" _builder_version=\"4.17.4\" custom_button=\"on\" button_text_size=\"14px\" button_text_color=\"#ffffff\" button_bg_color=\"#0C71C3\" button_border_width=\"0px\" button_border_color=\"#383838\" button_border_radius=\"54px\" button_letter_spacing=\"1px\" button_font=\"Inter|700||on|||||\" button_icon=\"5||divi||400\" button_icon_color=\"#FFFFFF\" custom_margin=\"34px||\" custom_padding=\"17px|30px|17px|30px|true|true\" global_colors_info=\"{}\" button_bg_color__hover_enabled=\"on\" button_bg_color__hover=\"#cc9966\" button_letter_spacing__hover_enabled=\"on|hover\" button_letter_spacing__hover=\"2px\" button_border_color__hover_enabled=\"on\" button_border_color__hover=\"#FFFFFF\" button_text_color__hover_enabled=\"on\" button_text_color__hover=\"#FFFFFF\" button_bg_enable_color__hover=\"on\"][\/et_pb_button][\/et_pb_column][\/et_pb_row][et_pb_row column_structure=\"3_5,2_5\" use_custom_gutter=\"on\" gutter_width=\"2\" make_equal=\"on\" disabled_on=\"on|on|on\" _builder_version=\"4.19.5\" disabled=\"on\" global_colors_info=\"{}\"][et_pb_column type=\"3_5\" _builder_version=\"4.19.5\" background_image=\"http:\/\/doctorboffa.com\/wp-content\/uploads\/2023\/02\/IMG-1076.jpg\" global_colors_info=\"{}\"][et_pb_divider show_divider=\"off\" disabled_on=\"off|off|on\" _builder_version=\"4.19.5\" custom_padding=\"43%||43%||true\" global_colors_info=\"{}\"][\/et_pb_divider][\/et_pb_column][et_pb_column type=\"2_5\" _builder_version=\"4.19.5\" custom_padding=\"200px||\" custom_padding_tablet=\"0px||\" custom_padding_phone=\"0px||\" custom_padding_last_edited=\"on|desktop\" global_colors_info=\"{}\"][et_pb_text _builder_version=\"4.16\" text_font=\"||||||||\" header_font=\"Oswald|700|||||||\" header_text_align=\"center\" header_text_color=\"#ffffff\" header_font_size=\"100px\" header_letter_spacing=\"1px\" header_3_font=\"Poppins|600|||||||\" header_3_text_align=\"left\" header_3_text_color=\"#000000\" header_3_font_size=\"14px\" header_3_letter_spacing=\"2px\" header_3_line_height=\"1.4em\" background_color=\"#ffffff\" custom_margin=\"|||-140px\" custom_margin_tablet=\"0px|||0px\" custom_margin_phone=\"0px|||0px\" custom_margin_last_edited=\"on|desktop\" custom_padding=\"50px||50px|50px\" custom_padding_tablet=\"8px|||0px\" custom_padding_phone=\"2px|||0px\" custom_padding_last_edited=\"on|desktop\" global_colors_info=\"{}\"][\/et_pb_text][et_pb_text _builder_version=\"4.19.5\" text_font=\"||||||||\" header_font=\"Poppins|700||on|||||\" header_text_align=\"left\" header_text_color=\"#000000\" header_line_height=\"1.2em\" background_color=\"#ffffff\" custom_margin=\"-66px|||-140px\" custom_margin_tablet=\"-76px|||0px\" custom_margin_phone=\"-76px|||0px\" custom_margin_last_edited=\"on|tablet\" custom_padding=\"|||50px\" custom_padding_tablet=\"|||0px\" custom_padding_phone=\"|||0px\" custom_padding_last_edited=\"on|desktop\" header_font_size_tablet=\"\" header_font_size_phone=\"25px\" header_font_size_last_edited=\"on|desktop\" global_colors_info=\"{}\"]<\/p><h1>VINILOS<\/h1><p>[\/et_pb_text][et_pb_text _builder_version=\"4.16\" text_font=\"Roboto|300|||||||\" text_text_color=\"#000000\" text_font_size=\"15px\" text_line_height=\"1.8em\" header_font=\"Oswald|300||on|||||\" header_text_align=\"center\" header_text_color=\"#ffffff\" header_font_size=\"45px\" header_letter_spacing=\"2px\" header_line_height=\"1.2em\" background_color=\"#ffffff\" module_alignment=\"left\" custom_margin=\"-19px|||-140px\" custom_margin_tablet=\"-47px|||0px\" custom_margin_phone=\"-47px|||0px\" custom_margin_last_edited=\"on|tablet\" custom_padding=\"20px||132px|50px\" custom_padding_tablet=\"||0px|0px\" custom_padding_phone=\"||0px|0px\" custom_padding_last_edited=\"on|tablet\" global_colors_info=\"{}\"]Transformamos espacios con vinilados impactantes y personalizados que se adaptan a las necesidades y estilo de cada cliente. Nuestro servicio de vinilado es ideal para decorar y dar personalidad a espacios comerciales, oficinas, eventos y m\u00e1s.[\/et_pb_text][et_pb_button button_url=\"http:\/\/www.krilatorotulacion.com\/contacto\" button_text=\"CONTACTA\" button_alignment=\"left\" _builder_version=\"4.19.5\" custom_button=\"on\" button_text_size=\"14px\" button_text_color=\"#ffffff\" button_bg_color=\"#383838\" button_border_width=\"1px\" button_border_color=\"#383838\" button_border_radius=\"0px\" button_letter_spacing=\"1px\" button_font=\"Poppins|||on|||||\" button_use_icon=\"off\" custom_margin=\"-116px|||-90px\" custom_margin_tablet=\"0px|||0px\" custom_margin_phone=\"0px|||0px\" custom_margin_last_edited=\"on|tablet\" custom_padding=\"17px|30px|17px|30px|true|true\" global_colors_info=\"{}\" button_bg_color__hover_enabled=\"on\" button_bg_color__hover=\"#bfbfbf\" button_letter_spacing__hover_enabled=\"on\" button_letter_spacing__hover=\"2px\" button_border_color__hover_enabled=\"on\" button_border_color__hover=\"#bfbfbf\" button_text_color__hover_enabled=\"on\" button_text_color__hover=\"#000000\"][\/et_pb_button][\/et_pb_column][\/et_pb_row][\/et_pb_section]<\/p>","_et_gb_content_width":"","footnotes":""},"class_list":["post-49854","page","type-page","status-publish","hentry"],"_links":{"self":[{"href":"https:\/\/doctorboffa.com\/index.php\/wp-json\/wp\/v2\/pages\/49854"}],"collection":[{"href":"https:\/\/doctorboffa.com\/index.php\/wp-json\/wp\/v2\/pages"}],"about":[{"href":"https:\/\/doctorboffa.com\/index.php\/wp-json\/wp\/v2\/types\/page"}],"author":[{"embeddable":true,"href":"https:\/\/doctorboffa.com\/index.php\/wp-json\/wp\/v2\/users\/6"}],"replies":[{"embeddable":true,"href":"https:\/\/doctorboffa.com\/index.php\/wp-json\/wp\/v2\/comments?post=49854"}],"version-history":[{"count":0,"href":"https:\/\/doctorboffa.com\/index.php\/wp-json\/wp\/v2\/pages\/49854\/revisions"}],"wp:attachment":[{"href":"https:\/\/doctorboffa.com\/index.php\/wp-json\/wp\/v2\/media?parent=49854"}],"curies":[{"name":"wp","href":"https:\/\/api.w.org\/{rel}","templated":true}]}}