{"id":49808,"date":"2023-02-21T11:19:42","date_gmt":"2023-02-21T11:19:42","guid":{"rendered":"https:\/\/doctorboffa.com\/?page_id=49808"},"modified":"2025-02-21T08:03:56","modified_gmt":"2025-02-21T08:03:56","slug":"electrolisis-percutanea-terapeutica-epte","status":"publish","type":"page","link":"https:\/\/doctorboffa.com\/index.php\/electrolisis-percutanea-terapeutica-epte\/","title":{"rendered":"Electrol\u00edsis Percutanea Terapeutica (EPTE\u00ae)"},"content":{"rendered":"<p>[et_pb_section fb_built=\u00bb1&#8243; _builder_version=\u00bb4.19.5&#8243; custom_padding=\u00bb41px||146px||false|\u00bb global_colors_info=\u00bb{}\u00bb][et_pb_row column_structure=\u00bb1_2,1_2&#8243; use_custom_gutter=\u00bbon\u00bb gutter_width=\u00bb2&#8243; make_equal=\u00bbon\u00bb _builder_version=\u00bb4.21.0&#8243; width_tablet=\u00bb90%\u00bb width_phone=\u00bb90%\u00bb width_last_edited=\u00bboff|phone\u00bb max_width_tablet=\u00bb90%\u00bb max_width_phone=\u00bb90%\u00bb max_width_last_edited=\u00bboff|tablet\u00bb custom_margin=\u00bb|||\u00bb custom_padding=\u00bb||23px|||\u00bb animation_direction=\u00bbbottom\u00bb global_colors_info=\u00bb{}\u00bb][et_pb_column type=\u00bb1_2&#8243; _builder_version=\u00bb4.16&#8243; custom_padding=\u00bb|||\u00bb global_colors_info=\u00bb{}\u00bb custom_padding__hover=\u00bb|||\u00bb][et_pb_text _builder_version=\u00bb4.17.4&#8243; header_font=\u00bbInter|700|||||||\u00bb header_text_color=\u00bb#000000&#8243; header_line_height=\u00bb1.5em\u00bb max_width=\u00bb81%\u00bb max_width_tablet=\u00bb100%\u00bb max_width_phone=\u00bb100%\u00bb max_width_last_edited=\u00bbon|desktop\u00bb custom_margin=\u00bb-20px|||\u00bb custom_padding=\u00bb|||\u00bb header_font_size_tablet=\u00bb\u00bb header_font_size_phone=\u00bb22px\u00bb header_font_size_last_edited=\u00bbon|phone\u00bb global_colors_info=\u00bb{}\u00bb]<\/p>\n<h1>\u2192 \u00bfQu\u00e9 es la EPTE?<\/h1>\n<p>[\/et_pb_text][et_pb_text _builder_version=\u00bb4.17.4&#8243; text_font=\u00bbInter|300|||||||\u00bb text_text_color=\u00bb#000000&#8243; text_font_size=\u00bb16px\u00bb text_line_height=\u00bb1.8em\u00bb header_font=\u00bbMuli||||||||\u00bb header_text_color=\u00bb#444444&#8243; header_font_size=\u00bb16px\u00bb header_line_height=\u00bb1.8em\u00bb max_width=\u00bb76%\u00bb max_width_tablet=\u00bb100%\u00bb max_width_phone=\u00bb100%\u00bb max_width_last_edited=\u00bbon|desktop\u00bb global_colors_info=\u00bb{}\u00bb]<\/p>\n<p style=\"text-align: justify;\">La Electrol\u00edsis Percutanea Terapeutica (EPTE\u00ae) \u00e9s una t\u00e9cnica invasiva que se utiliza principalmente en fisioterapia para el tratamiento de diferentes disfunciones musculo-esquel\u00e9ticas, entre otras, la disfunci\u00f3n del tend\u00f3n.<\/p>\n<p style=\"text-align: justify;\">La t\u00e9cnica consiste en la aplicaci\u00f3n de microcorrientes galv\u00e1nicas a trav\u00e9s de una aguja bipolar o monopolar de uso sanitario provocando una fase de respuesta inflamatoria, que reactiva los procesos de regeneraci\u00f3n del tejido.<\/p>\n<p>[\/et_pb_text][et_pb_button button_url=\u00bbhttps:\/\/doctorboffa.com\/#contacto\u00bb button_text=\u00bbCONTACTA\u00bb button_alignment=\u00bbleft\u00bb _builder_version=\u00bb4.17.4&#8243; custom_button=\u00bbon\u00bb button_text_size=\u00bb14px\u00bb button_text_color=\u00bb#ffffff\u00bb button_bg_color=\u00bb#0C71C3&#8243; button_border_width=\u00bb0px\u00bb button_border_color=\u00bb#383838&#8243; button_border_radius=\u00bb54px\u00bb button_letter_spacing=\u00bb1px\u00bb button_font=\u00bbInter|700||on|||||\u00bb button_icon=\u00bb&#x35;||divi||400&#8243; button_icon_color=\u00bb#FFFFFF\u00bb custom_margin=\u00bb34px||\u00bb custom_padding=\u00bb17px|30px|17px|30px|true|true\u00bb global_colors_info=\u00bb{}\u00bb button_bg_color__hover_enabled=\u00bbon\u00bb button_bg_color__hover=\u00bb#cc9966&#8243; button_letter_spacing__hover_enabled=\u00bbon|hover\u00bb button_letter_spacing__hover=\u00bb2px\u00bb button_border_color__hover_enabled=\u00bbon\u00bb button_border_color__hover=\u00bb#FFFFFF\u00bb button_text_color__hover_enabled=\u00bbon\u00bb button_text_color__hover=\u00bb#FFFFFF\u00bb button_bg_enable_color__hover=\u00bbon\u00bb][\/et_pb_button][\/et_pb_column][et_pb_column type=\u00bb1_2&#8243; _builder_version=\u00bb4.21.0&#8243; background_enable_image=\u00bboff\u00bb custom_padding=\u00bb72px|||\u00bb global_colors_info=\u00bb{}\u00bb custom_padding__hover=\u00bb|||\u00bb][et_pb_image src=\u00bbhttps:\/\/doctorboffa.com\/wp-content\/uploads\/2025\/02\/EPTA_NEW.webp\u00bb title_text=\u00bbEPTA_NEW\u00bb align_tablet=\u00bbcenter\u00bb align_phone=\u00bb\u00bb align_last_edited=\u00bbon|desktop\u00bb _builder_version=\u00bb4.24.2&#8243; max_width=\u00bb480px\u00bb custom_margin=\u00bb-12px|||0px\u00bb hover_enabled=\u00bb0&#8243; global_colors_info=\u00bb{}\u00bb sticky_enabled=\u00bb0&#8243;][\/et_pb_image][\/et_pb_column][\/et_pb_row][et_pb_row _builder_version=\u00bb4.16&#8243; _module_preset=\u00bbdefault\u00bb custom_padding=\u00bb40px|||||\u00bb locked=\u00bboff\u00bb global_colors_info=\u00bb{}\u00bb][et_pb_column type=\u00bb4_4&#8243; _builder_version=\u00bb4.16&#8243; _module_preset=\u00bbdefault\u00bb global_colors_info=\u00bb{}\u00bb][et_pb_divider color=\u00bb#3366cc\u00bb divider_weight=\u00bb2px\u00bb _builder_version=\u00bb4.17.4&#8243; _module_preset=\u00bbdefault\u00bb width=\u00bb25%\u00bb custom_margin=\u00bb||-2px|||\u00bb custom_padding=\u00bb|0px|0px|||\u00bb locked=\u00bboff\u00bb global_colors_info=\u00bb{}\u00bb][\/et_pb_divider][et_pb_text _builder_version=\u00bb4.17.4&#8243; _module_preset=\u00bbdefault\u00bb header_font=\u00bbInter|700|||||||\u00bb header_font_size=\u00bb26px\u00bb header_2_font=\u00bbInter|500|||||||\u00bb header_2_line_height=\u00bb1.3em\u00bb custom_margin=\u00bb||-18px||false|false\u00bb custom_padding=\u00bb0px||0px|||\u00bb header_2_font_size_tablet=\u00bb34px\u00bb header_2_font_size_phone=\u00bb22px\u00bb header_2_font_size_last_edited=\u00bbon|phone\u00bb global_colors_info=\u00bb{}\u00bb]<\/p>\n<h2><strong>BENEFICIOS<\/strong><\/h2>\n<p>[\/et_pb_text][\/et_pb_column][\/et_pb_row][et_pb_row _builder_version=\u00bb4.17.4&#8243; _module_preset=\u00bbdefault\u00bb global_colors_info=\u00bb{}\u00bb][et_pb_column type=\u00bb4_4&#8243; _builder_version=\u00bb4.17.4&#8243; _module_preset=\u00bbdefault\u00bb global_colors_info=\u00bb{}\u00bb][et_pb_text _builder_version=\u00bb4.17.4&#8243; _module_preset=\u00bbdefault\u00bb text_font=\u00bbInter|300|||||||\u00bb text_font_size=\u00bb17px\u00bb global_colors_info=\u00bb{}\u00bb]<\/p>\n<p class=\"Standard\"><span>\u2714\ufe0f <\/span>Reducci\u00f3n en los tiempos de recuperaci\u00f3n.<o:p><\/o:p><\/p>\n<p class=\"Standard\"><span>\u2714\ufe0f <\/span>Reducci\u00f3n del dolor (efecto analg\u00e9sico).<o:p><\/o:p><\/p>\n<p class=\"Standard\"><span>\u2714\ufe0f <\/span>Porcentaje de reca\u00eddas bajo tras su aplicaci\u00f3n.<o:p><\/o:p><\/p>\n<p class=\"Standard\"><span>\u2714\ufe0f <\/span>Alta efectividad.<o:p><\/o:p><\/p>\n<p class=\"Standard\"><span>\u2714\ufe0f <\/span>Alternativa a otros tratamientos conservadores que no han demostrado ser efectivos.<o:p><\/o:p><\/p>\n<p class=\"Standard\"><o:p>\u00a0<\/o:p><\/p>\n<p class=\"Standard\">En Dr. Boffa Medical Sports Center hemos establecido un modelo combinado de abordaje terap\u00e9utico para el tratamiento de las tendinopat\u00edas mediante la realizaci\u00f3n de infiltraciones de PRP, electrolisis percut\u00e1nea y gesti\u00f3n de la carga que resulta muy efectivo.<o:p><\/o:p><\/p>\n<p class=\"Standard\">\n<p class=\"Standard\">Si quieres m\u00e1s info contacta con nosotros.<o:p><\/o:p><\/p>\n<p>[\/et_pb_text][et_pb_button button_url=\u00bbhttps:\/\/doctorboffa.com\/#contacto\u00bb button_text=\u00bbCONTACTA\u00bb button_alignment=\u00bbleft\u00bb _builder_version=\u00bb4.17.4&#8243; custom_button=\u00bbon\u00bb button_text_size=\u00bb14px\u00bb button_text_color=\u00bb#ffffff\u00bb button_bg_color=\u00bb#0C71C3&#8243; button_border_width=\u00bb0px\u00bb button_border_color=\u00bb#383838&#8243; button_border_radius=\u00bb54px\u00bb button_letter_spacing=\u00bb1px\u00bb button_font=\u00bbInter|700||on|||||\u00bb button_icon=\u00bb&#x35;||divi||400&#8243; button_icon_color=\u00bb#FFFFFF\u00bb custom_margin=\u00bb34px||\u00bb custom_padding=\u00bb17px|30px|17px|30px|true|true\u00bb global_colors_info=\u00bb{}\u00bb button_bg_color__hover_enabled=\u00bbon\u00bb button_bg_color__hover=\u00bb#cc9966&#8243; button_letter_spacing__hover_enabled=\u00bbon|hover\u00bb button_letter_spacing__hover=\u00bb2px\u00bb button_border_color__hover_enabled=\u00bbon\u00bb button_border_color__hover=\u00bb#FFFFFF\u00bb button_text_color__hover_enabled=\u00bbon\u00bb button_text_color__hover=\u00bb#FFFFFF\u00bb button_bg_enable_color__hover=\u00bbon\u00bb][\/et_pb_button][\/et_pb_column][\/et_pb_row][\/et_pb_section]<\/p>\n","protected":false},"excerpt":{"rendered":"<p>\u2192 \u00bfQu\u00e9 es la EPTE?La Electrol\u00edsis Percutanea Terapeutica (EPTE\u00ae) \u00e9s una t\u00e9cnica invasiva que se utiliza principalmente en fisioterapia para el tratamiento de diferentes disfunciones musculo-esquel\u00e9ticas, entre otras, la disfunci\u00f3n del tend\u00f3n. La t\u00e9cnica consiste en la aplicaci\u00f3n de microcorrientes galv\u00e1nicas a trav\u00e9s de una aguja bipolar o monopolar de uso sanitario provocando una fase [&hellip;]<\/p>\n","protected":false},"author":6,"featured_media":49906,"parent":0,"menu_order":0,"comment_status":"closed","ping_status":"open","template":"","meta":{"_et_pb_use_builder":"on","_et_pb_old_content":"","_et_gb_content_width":"","footnotes":""},"class_list":["post-49808","page","type-page","status-publish","has-post-thumbnail","hentry"],"_links":{"self":[{"href":"https:\/\/doctorboffa.com\/index.php\/wp-json\/wp\/v2\/pages\/49808"}],"collection":[{"href":"https:\/\/doctorboffa.com\/index.php\/wp-json\/wp\/v2\/pages"}],"about":[{"href":"https:\/\/doctorboffa.com\/index.php\/wp-json\/wp\/v2\/types\/page"}],"author":[{"embeddable":true,"href":"https:\/\/doctorboffa.com\/index.php\/wp-json\/wp\/v2\/users\/6"}],"replies":[{"embeddable":true,"href":"https:\/\/doctorboffa.com\/index.php\/wp-json\/wp\/v2\/comments?post=49808"}],"version-history":[{"count":0,"href":"https:\/\/doctorboffa.com\/index.php\/wp-json\/wp\/v2\/pages\/49808\/revisions"}],"wp:featuredmedia":[{"embeddable":true,"href":"https:\/\/doctorboffa.com\/index.php\/wp-json\/wp\/v2\/media\/49906"}],"wp:attachment":[{"href":"https:\/\/doctorboffa.com\/index.php\/wp-json\/wp\/v2\/media?parent=49808"}],"curies":[{"name":"wp","href":"https:\/\/api.w.org\/{rel}","templated":true}]}}