{"id":3,"date":"2022-06-28T09:32:28","date_gmt":"2022-06-28T09:32:28","guid":{"rendered":"https:\/\/doctorboffa.com\/?page_id=3"},"modified":"2023-06-07T09:22:11","modified_gmt":"2023-06-07T09:22:11","slug":"aviso-legal","status":"publish","type":"page","link":"https:\/\/doctorboffa.com\/index.php\/aviso-legal\/","title":{"rendered":"Aviso legal"},"content":{"rendered":"[et_pb_section fb_built=\u00bb1&#8243; admin_label=\u00bbsection\u00bb _builder_version=\u00bb4.16&#8243; global_colors_info=\u00bb{}\u00bb][et_pb_row admin_label=\u00bbrow\u00bb _builder_version=\u00bb4.16&#8243; background_size=\u00bbinitial\u00bb background_position=\u00bbtop_left\u00bb background_repeat=\u00bbrepeat\u00bb global_colors_info=\u00bb{}\u00bb][et_pb_column type=\u00bb4_4&#8243; _builder_version=\u00bb4.16&#8243; custom_padding=\u00bb|||\u00bb global_colors_info=\u00bb{}\u00bb custom_padding__hover=\u00bb|||\u00bb][et_pb_text admin_label=\u00bbText\u00bb _builder_version=\u00bb4.16&#8243; background_size=\u00bbinitial\u00bb background_position=\u00bbtop_left\u00bb background_repeat=\u00bbrepeat\u00bb global_colors_info=\u00bb{}\u00bb]<p><\/p>\n<p>OBJETO Y ACEPTACI\u00d3N<\/p>\n<p><\/p>\n<p>El presente aviso legal regula el uso y utilizaci\u00f3n del sitio web www.doctorboffa.com (en adelante, LA WEB), del que es titular Centro M\u00e9dico DR. Boffa SLP.<\/p>\n<p>La navegaci\u00f3n por el sitio web de Centro M\u00e9dico DR. Boffa SLP te atribuye la condici\u00f3n de usuario del mismo y comporta tu plena aceptaci\u00f3n y sin reservas de todas y cada una de las condiciones publicadas en este aviso legal, advirtiendo que estas condiciones podr\u00e1n ser modificadas sin notificaci\u00f3n previa por parte de Centro M\u00e9dico DR. Boffa SLP, \u200b\u200ben este caso se proceder\u00e1 a su publicaci\u00f3n y aviso con la mayor antelaci\u00f3n posible.<\/p>\n<p>Por eso es recomendable leer atentamente su contenido en caso de desear acceder y hacer uso de la informaci\u00f3n y los servicios ofrecidos desde este sitio web.<\/p>\n<p>El usuario adem\u00e1s, se obliga a hacer un uso correcto del sitio web de conformidad con las leyes, y el presente Aviso Legal, y responder\u00e1 frente a Centro M\u00e9dico DR. Boffa SLP o frente a terceros, de cualquier da\u00f1os y perjuicios que pudieran causarse como consecuencia del incumplimiento de esta obligaci\u00f3n.<\/p>\n<p>Cualquier utilizaci\u00f3n diferente a la autorizada est\u00e1 expresamente prohibida, pudiendo Centro M\u00e9dico DR. Boffa SLP denegar o retirar el acceso y su uso en cualquier momento.<\/p>\n<p><\/p>\n<p>TITULAR DE LA P\u00c1GINA WEB<\/p>\n<p><\/p>\n<p>De acuerdo con lo que prev\u00e9 el art\u00edculo 10 de la Ley 34\/2002, de 11 de julio de Servicios de la Sociedad de la Informaci\u00f3n y Comercio Electr\u00f3nico, se ofrece al usuario de esta p\u00e1gina web ya los \u00f3rganos competentes, la informaci\u00f3n del titular de la misma::<\/p>\n<p>Su denominaci\u00f3n social es: Centro M\u00e9dico DR. Boffa SLP.<br \/>Su nombre comercial es: Doctor Boffa.<br \/>Su CIF es: <span>B10653038<\/span><br \/>Su domicilio social est\u00e1 en: Dr.Roux, 8-10 bajos, (08017), Barcelona, Espa\u00f1a<\/p>\n<p>Para comunicarte con nosotros, ponemos a tu disposici\u00f3n diferentes medios de contacto que detallamos a continuaci\u00f3n:<\/p>\n<p>Direcci\u00f3n postal: Dr.Roux, 8-10 bajos, (08017), Barcelona, Espa\u00f1a<br \/>Correo electr\u00f3nico: info@doctorboffa.com<br \/>Todas las notificaciones y comunicaciones entre los usuarios y Centro M\u00e9dico DR. Boffa SLP se considerar\u00e1n eficaces, a todos los efectos, cuando se realicen a trav\u00e9s de cualquier medio de los detallados anteriormente.<\/p>\n<p><\/p>\n<p>CONDICIONES DE ACCESO Y UTILIZACI\u00d3N<\/p>\n<p><\/p>\n<p>El sitio web y sus servicios son de acceso libre y gratuito. Sin embargo, Centro M\u00e9dico DR. Boffa SLP puede condicionar la utilizaci\u00f3n de algunos de los servicios ofrecidos en su web a la previa cumplimentaci\u00f3n del correspondiente formulario.<\/p>\n<p>El usuario garantiza la autenticidad y actualidad de todos aquellos datos que comunique a Centro M\u00e9dico DR. Boffa SLP y ser\u00e1 el \u00fanico responsable de las manifestaciones falsas o inexactas que realice.<\/p>\n<p>El usuario se compromete expresamente a hacer un uso adecuado de los contenidos y servicios de Centro M\u00e9dico DR. Boffa SLP ya no utilizarlos para, entre otros:<\/p>\n<p>1. Difundir contenidos delictivos, violentos, pornogr\u00e1ficos, racistas, xen\u00f3fobos, ofensivos, de apolog\u00eda del terrorismo o, en general, contrarios a la ley o al orden p\u00fablico.<br \/>2. Introducir en la red virus inform\u00e1ticos o realizar actuaciones susceptibles de alterar, estropear, interrumpir o generar errores o da\u00f1os en los documentos electr\u00f3nicos, datos o sistemas f\u00edsicos y l\u00f3gicos de Centro M\u00e9dico DR. Boffa SLP o de terceras personas; as\u00ed como obstaculizar el acceso de otros usuarios al sitio web y sus servicios mediante el consumo masivo de los recursos inform\u00e1ticos a trav\u00e9s de los cuales Centro M\u00e9dico DR. Boffa SLP presta sus servicios.<br \/>3. Intentar acceder a las cuentas de correo electr\u00f3nico de otros usuarios o \u00e1reas restringidas de los sistemas inform\u00e1ticos de Centro M\u00e9dico DR. Boffa SLP o de terceros y, en su caso, extraer informaci\u00f3n.<br \/>4. Vulnerar los derechos de propiedad intelectual o industrial as\u00ed como violar la confidencialidad de la informaci\u00f3n de Centro M\u00e9dico DR. Boffa SLP o de terceros.<br \/>5. Suplantar la identidad de cualquier otro usuario.<br \/>6. Reproducir, copiar, distribuir, poner a disposici\u00f3n de, o cualquier otra forma de comunicaci\u00f3n p\u00fablica, transformar o modificar los contenidos, salvo que se cuente con la autorizaci\u00f3n del titular de los correspondientes derechos o ello resulte legalmente permitido.<br \/>7. Recoger datos con finalidad publicitaria y de remitir publicidad de cualquier clase y comunicaciones con fines de venta u otros de naturaleza comercial sin que intervenga su previa solicitud o consentimiento.<\/p>\n<p>&nbsp;<\/p>\n<p>Todos los contenidos del sitio web, como textos, fotograf\u00edas, gr\u00e1ficos, im\u00e1genes, iconos, tecnolog\u00eda, software, as\u00ed como su dise\u00f1o gr\u00e1fico y c\u00f3digos fuente, constituyen una obra cuya propiedad pertenece a Centro M\u00e9dico DR. Boffa SLP, \u200b\u200bsin que puedan entenderse cedidos al usuario ninguno de los derechos de explotaci\u00f3n sobre los mismos m\u00e1s all\u00e1 de lo estrictamente necesario para el correcto uso de la web.<\/p>\n<p>En definitiva, los usuarios que accedan a este sitio web pueden visualizar los contenidos y efectuar, en su caso, copias privadas autorizadas siempre que los elementos reproducidos no sean cedidos posteriormente a terceros, ni se instalen en servidores conectados a redes, ni sean objeto de ning\u00fan tipo de explotaci\u00f3n.<\/p>\n<p>Asimismo, todas las marcas, nombres comerciales o signos distintivos de cualquier clase que aparecen en el sitio web son propiedad de Centro M\u00e9dico DR. Boffa SLP, \u200b\u200bsin que pueda entenderse que el uso o acceso al mismo atribuya al usuario derecho alguno sobre los mismos.<\/p>\n<p>La distribuci\u00f3n, modificaci\u00f3n, cesi\u00f3n o comunicaci\u00f3n p\u00fablica de los contenidos y cualquier otro acto que no haya sido expresamente autorizado por el titular de los derechos de explotaci\u00f3n quedan prohibidos.<\/p>\n<p>El establecimiento de un hiperv\u00ednculo no implica en ning\u00fan caso la existencia de relaciones entre Centro M\u00e9dico DR. Boffa SLP y el propietario del sitio web en la que se establezca, ni la aceptaci\u00f3n y aprobaci\u00f3n por parte de Centro M\u00e9dico DR. Boffa SLP de sus contenidos o servicios.<\/p>\n<p>Centro M\u00e9dico DR. Boffa SLP no se responsabiliza del uso que cada usuario le d\u00e9 a los materiales puestos a disposici\u00f3n en este sitio web ni de las actuaciones que realice en base a los mismos.<\/p>\n<p><\/p>\n<p>EXCLUSI\u00d3N DE GARANT\u00cdAS Y DE RESPONSABILIDAD<\/p>\n<p><\/p>\n<p>El contenido del presente sitio web es de car\u00e1cter general y tiene una finalidad meramente informativa, sin que se garantice plenamente el acceso a todos los contenidos, ni su exhaustividad, correcci\u00f3n, vigencia o actualidad, ni su idoneidad o utilidad para un objetivo espec\u00edfico.<\/p>\n<p>Centro M\u00e9dico DR. Boffa SLP excluye, hasta d\u00f3nde permite el ordenamiento jur\u00eddico, cualquier responsabilidad por los da\u00f1os y perjuicios de toda naturaleza derivados de:<\/p>\n<p>a) La imposibilidad de acceso al sitio web o la falta de veracidad, exactitud, exhaustividad y\/o actualidad de los contenidos, as\u00ed como la existencia de vicios y defectos de toda clase de los contenidos transmitidos, difundidos, almacenados, puestos a disposici\u00f3n, a los que se haya accedido a trav\u00e9s del sitio web o de los servicios que se ofrecen.<br \/>b) La presencia de virus u otros elementos en los contenidos que puedan producir alteraciones en los sistemas inform\u00e1ticos, documentos electr\u00f3nicos o datos de los usuarios.<br \/>c) El incumplimiento de las leyes, la buena fe, el orden p\u00fablico, los usos del tr\u00e1fico y el presente aviso legal como consecuencia del uso incorrecto del sitio web. En particular, ya modo ejemplificador, Centro M\u00e9dico DR. Boffa SLP no se hace responsable de las actuaciones de terceros que vulneren derechos de propiedad intelectual e industrial, secretos empresariales, derechos al honor, a la intimidad personal y familiar ya la propia imagen, as\u00ed como la normativa en materia de competencia desleal y publicidad il\u00edcita.<br \/>Asimismo, Centro M\u00e9dico DR. Boffa SLP declina cualquier responsabilidad respecto a la informaci\u00f3n que se encuentre fuera de esta web y no sea gestionada directamente por nuestra web m\u00e1ster (administrador del sitio web). La funci\u00f3n de los links que aparecen en esta web es exclusivamente la de informar al usuario sobre la existencia de otras fuentes susceptibles de ampliar los contenidos que ofrece este sitio web. Centro M\u00e9dico DR. Boffa SLP no garantiza ni se responsabiliza del funcionamiento o accesibilidad de los sitios enlazados; ni sugiere, invita o recomienda la visita a los mismos, por lo que tampoco ser\u00e1 responsable del resultado obtenido. Centro M\u00e9dico DR. Boffa SLP no se responsabiliza del establecimiento de hiperv\u00ednculos por parte de terceros.<\/p>\n<p><\/p>\n<p>PROCEDIMIENTO EN CASO DE REALIZACI\u00d3N DE ACTIVIDADES DE CAR\u00c1CTER IL\u00cdCITO<\/p>\n<p><\/p>\n<p>En caso de que cualquier usuario o un tercero considere que existen hechos o circunstancias que revelen el car\u00e1cter il\u00edcito de la utilizaci\u00f3n de cualquier contenido y\/o de la realizaci\u00f3n de cualquier actividad en las p\u00e1ginas web incluidas o accesibles a trav\u00e9s del sitio web, deber\u00e1 enviar una notificaci\u00f3n a Centro M\u00e9dico DR. Boffa SLP, \u200b\u200bidentific\u00e1ndose debidamente y especificar las supuestas infracciones.<\/p>\n<p><\/p>\n<p>LEGISLACI\u00d3N APLICABLE Y TRIBUNALES COMPETENTES<\/p>\n<p><\/p>\n<p>Todas aquellas cuestiones relacionadas con esta p\u00e1gina web o cualquiera de sus contenidos, se regir\u00e1n y ser\u00e1n interpretadas conforme al presente aviso legal y la legislaci\u00f3n catalana y espa\u00f1ola. Las partes se someter\u00e1n a la jurisdicci\u00f3n de los Tribunales o Juzgados de Barcelona para la resoluci\u00f3n de cualquier tipo de discrepancia, controversia o litigio que pudiera suscitarse entre el usuario y el Titular por el uso de la p\u00e1gina web, con renuncia expresa a cualquier otro fuero que pueda corresponderles legalmente.<\/p>\n<p><\/p>\n<h2 class=\"wp-block-heading\"><\/h2>\n<p><\/p>\n<p><\/p>[\/et_pb_text][\/et_pb_column][\/et_pb_row][\/et_pb_section]","protected":false},"excerpt":{"rendered":"<p>OBJETO Y ACEPTACI\u00d3N El presente aviso legal regula el uso y utilizaci\u00f3n del sitio web www.doctorboffa.com (en adelante, LA WEB), del que es titular Centro M\u00e9dico DR. Boffa SLP. La navegaci\u00f3n por el sitio web de Centro M\u00e9dico DR. Boffa SLP te atribuye la condici\u00f3n de usuario del mismo y comporta tu plena aceptaci\u00f3n y [&hellip;]<\/p>\n","protected":false},"author":6,"featured_media":0,"parent":0,"menu_order":0,"comment_status":"closed","ping_status":"open","template":"","meta":{"_et_pb_use_builder":"on","_et_pb_old_content":"<!-- wp:heading --><h2>Who we are<\/h2><!-- \/wp:heading --><!-- wp:paragraph --><p><strong class=\"privacy-policy-tutorial\">Suggested text: <\/strong>Our website address is: https:\/\/doctorboffa.com.<\/p><!-- \/wp:paragraph --><!-- wp:heading --><h2>Comments<\/h2><!-- \/wp:heading --><!-- wp:paragraph --><p><strong class=\"privacy-policy-tutorial\">Suggested text: <\/strong>When visitors leave comments on the site we collect the data shown in the comments form, and also the visitor\u2019s IP address and browser user agent string to help spam detection.<\/p><!-- \/wp:paragraph --><!-- wp:paragraph --><p>An anonymized string created from your email address (also called a hash) may be provided to the Gravatar service to see if you are using it. The Gravatar service privacy policy is available here: https:\/\/automattic.com\/privacy\/. After approval of your comment, your profile picture is visible to the public in the context of your comment.<\/p><!-- \/wp:paragraph --><!-- wp:heading --><h2>Media<\/h2><!-- \/wp:heading --><!-- wp:paragraph --><p><strong class=\"privacy-policy-tutorial\">Suggested text: <\/strong>If you upload images to the website, you should avoid uploading images with embedded location data (EXIF GPS) included. Visitors to the website can download and extract any location data from images on the website.<\/p><!-- \/wp:paragraph --><!-- wp:heading --><h2>Cookies<\/h2><!-- \/wp:heading --><!-- wp:paragraph --><p><strong class=\"privacy-policy-tutorial\">Suggested text: <\/strong>If you leave a comment on our site you may opt-in to saving your name, email address and website in cookies. These are for your convenience so that you do not have to fill in your details again when you leave another comment. These cookies will last for one year.<\/p><!-- \/wp:paragraph --><!-- wp:paragraph --><p>If you visit our login page, we will set a temporary cookie to determine if your browser accepts cookies. This cookie contains no personal data and is discarded when you close your browser.<\/p><!-- \/wp:paragraph --><!-- wp:paragraph --><p>When you log in, we will also set up several cookies to save your login information and your screen display choices. Login cookies last for two days, and screen options cookies last for a year. If you select \"Remember Me\", your login will persist for two weeks. If you log out of your account, the login cookies will be removed.<\/p><!-- \/wp:paragraph --><!-- wp:paragraph --><p>If you edit or publish an article, an additional cookie will be saved in your browser. This cookie includes no personal data and simply indicates the post ID of the article you just edited. It expires after 1 day.<\/p><!-- \/wp:paragraph --><!-- wp:heading --><h2>Embedded content from other websites<\/h2><!-- \/wp:heading --><!-- wp:paragraph --><p><strong class=\"privacy-policy-tutorial\">Suggested text: <\/strong>Articles on this site may include embedded content (e.g. videos, images, articles, etc.). Embedded content from other websites behaves in the exact same way as if the visitor has visited the other website.<\/p><!-- \/wp:paragraph --><!-- wp:paragraph --><p>These websites may collect data about you, use cookies, embed additional third-party tracking, and monitor your interaction with that embedded content, including tracking your interaction with the embedded content if you have an account and are logged in to that website.<\/p><!-- \/wp:paragraph --><!-- wp:heading --><h2>Who we share your data with<\/h2><!-- \/wp:heading --><!-- wp:paragraph --><p><strong class=\"privacy-policy-tutorial\">Suggested text: <\/strong>If you request a password reset, your IP address will be included in the reset email.<\/p><!-- \/wp:paragraph --><!-- wp:heading --><h2>How long we retain your data<\/h2><!-- \/wp:heading --><!-- wp:paragraph --><p><strong class=\"privacy-policy-tutorial\">Suggested text: <\/strong>If you leave a comment, the comment and its metadata are retained indefinitely. This is so we can recognize and approve any follow-up comments automatically instead of holding them in a moderation queue.<\/p><!-- \/wp:paragraph --><!-- wp:paragraph --><p>For users that register on our website (if any), we also store the personal information they provide in their user profile. All users can see, edit, or delete their personal information at any time (except they cannot change their username). Website administrators can also see and edit that information.<\/p><!-- \/wp:paragraph --><!-- wp:heading --><h2>What rights you have over your data<\/h2><!-- \/wp:heading --><!-- wp:paragraph --><p><strong class=\"privacy-policy-tutorial\">Suggested text: <\/strong>If you have an account on this site, or have left comments, you can request to receive an exported file of the personal data we hold about you, including any data you have provided to us. You can also request that we erase any personal data we hold about you. This does not include any data we are obliged to keep for administrative, legal, or security purposes.<\/p><!-- \/wp:paragraph --><!-- wp:heading --><h2>Where your data is sent<\/h2><!-- \/wp:heading --><!-- wp:paragraph --><p><strong class=\"privacy-policy-tutorial\">Suggested text: <\/strong>Visitor comments may be checked through an automated spam detection service.<\/p><!-- \/wp:paragraph -->","_et_gb_content_width":"","footnotes":""},"class_list":["post-3","page","type-page","status-publish","hentry"],"_links":{"self":[{"href":"https:\/\/doctorboffa.com\/index.php\/wp-json\/wp\/v2\/pages\/3"}],"collection":[{"href":"https:\/\/doctorboffa.com\/index.php\/wp-json\/wp\/v2\/pages"}],"about":[{"href":"https:\/\/doctorboffa.com\/index.php\/wp-json\/wp\/v2\/types\/page"}],"author":[{"embeddable":true,"href":"https:\/\/doctorboffa.com\/index.php\/wp-json\/wp\/v2\/users\/6"}],"replies":[{"embeddable":true,"href":"https:\/\/doctorboffa.com\/index.php\/wp-json\/wp\/v2\/comments?post=3"}],"version-history":[{"count":0,"href":"https:\/\/doctorboffa.com\/index.php\/wp-json\/wp\/v2\/pages\/3\/revisions"}],"wp:attachment":[{"href":"https:\/\/doctorboffa.com\/index.php\/wp-json\/wp\/v2\/media?parent=3"}],"curies":[{"name":"wp","href":"https:\/\/api.w.org\/{rel}","templated":true}]}}